{"id":2,"date":"2018-12-08T15:45:25","date_gmt":"2018-12-08T13:45:25","guid":{"rendered":"http:\/\/www.virtuellaservrar.net\/?page_id=2"},"modified":"2024-01-27T21:10:48","modified_gmt":"2024-01-27T19:10:48","slug":"esimerkkisivu","status":"publish","type":"page","link":"https:\/\/shibalogia.info\/?page_id=2","title":{"rendered":"Shibaesittely"},"content":{"rendered":"\n<p>Shibalogista blogia inspiroivat shibasisarukset Tiikeri (Inaridou Kotarou, s. 2016) ja Entsyymi (Inaridou Ouhime, s. 2018). Tiikeri, joka syntyi tiikeriraidallisena, on suunnattoman rohkea, tulisieluinen, kaikki tunteet syv\u00e4sti kokeva ja luultavasti omistajaansa \u00e4lykk\u00e4\u00e4mpi koira parhaassa i\u00e4ss\u00e4. Entsyymi, arkiel\u00e4m\u00e4ss\u00e4 usein Myy, on kasvanut m\u00e4\u00e4r\u00e4tietoiseksi ladyksi, joka edelleen suhtautuu el\u00e4m\u00e4\u00e4n rennosti, iloisesti ja hyv\u00e4\u00e4 ruokaa suuresti arvostaen. Eroavaisuuksistaan huolimatta Tiikeri ja Entsyymi ovat yht\u00e4 mielt\u00e4 siit\u00e4, ett\u00e4 kaikkein parasta on jahtaus- ja painileikit ikioman kaverin kanssa.<\/p>\n\n\n\n<figure class=\"wp-block-image\"><img loading=\"lazy\" decoding=\"async\" width=\"982\" height=\"923\" src=\"https:\/\/shibalogia.info\/wp-content\/uploads\/2019\/02\/esittely.jpg\" alt=\"\" class=\"wp-image-61\" srcset=\"https:\/\/shibalogia.info\/wp-content\/uploads\/2019\/02\/esittely.jpg 982w, https:\/\/shibalogia.info\/wp-content\/uploads\/2019\/02\/esittely-300x282.jpg 300w, https:\/\/shibalogia.info\/wp-content\/uploads\/2019\/02\/esittely-768x722.jpg 768w, https:\/\/shibalogia.info\/wp-content\/uploads\/2019\/02\/esittely-960x902.jpg 960w\" sizes=\"auto, (max-width: 982px) 100vw, 982px\" \/><\/figure>\n","protected":false},"excerpt":{"rendered":"<p>Shibalogista blogia inspiroivat shibasisarukset Tiikeri (Inaridou Kotarou, s. 2016) ja Entsyymi (Inaridou Ouhime, s. 2018). Tiikeri, joka syntyi tiikeriraidallisena, on suunnattoman rohkea, tulisieluinen, kaikki tunteet syv\u00e4sti kokeva ja luultavasti omistajaansa \u00e4lykk\u00e4\u00e4mpi koira parhaassa i\u00e4ss\u00e4. Entsyymi, arkiel\u00e4m\u00e4ss\u00e4 usein Myy, on kasvanut m\u00e4\u00e4r\u00e4tietoiseksi ladyksi, joka edelleen suhtautuu el\u00e4m\u00e4\u00e4n rennosti, iloisesti ja hyv\u00e4\u00e4 ruokaa suuresti arvostaen. Eroavaisuuksistaan huolimatta [&hellip;]<\/p>\n","protected":false},"author":1,"featured_media":0,"parent":0,"menu_order":0,"comment_status":"closed","ping_status":"open","template":"","meta":{"site-container-style":"default","site-container-layout":"default","site-sidebar-layout":"default","site-transparent-header":"default","disable-article-header":"default","disable-site-header":"default","disable-site-footer":"default","disable-content-area-spacing":"default","footnotes":""},"class_list":["post-2","page","type-page","status-publish","hentry"],"_links":{"self":[{"href":"https:\/\/shibalogia.info\/index.php?rest_route=\/wp\/v2\/pages\/2","targetHints":{"allow":["GET"]}}],"collection":[{"href":"https:\/\/shibalogia.info\/index.php?rest_route=\/wp\/v2\/pages"}],"about":[{"href":"https:\/\/shibalogia.info\/index.php?rest_route=\/wp\/v2\/types\/page"}],"author":[{"embeddable":true,"href":"https:\/\/shibalogia.info\/index.php?rest_route=\/wp\/v2\/users\/1"}],"replies":[{"embeddable":true,"href":"https:\/\/shibalogia.info\/index.php?rest_route=%2Fwp%2Fv2%2Fcomments&post=2"}],"version-history":[{"count":6,"href":"https:\/\/shibalogia.info\/index.php?rest_route=\/wp\/v2\/pages\/2\/revisions"}],"predecessor-version":[{"id":3111,"href":"https:\/\/shibalogia.info\/index.php?rest_route=\/wp\/v2\/pages\/2\/revisions\/3111"}],"wp:attachment":[{"href":"https:\/\/shibalogia.info\/index.php?rest_route=%2Fwp%2Fv2%2Fmedia&parent=2"}],"curies":[{"name":"wp","href":"https:\/\/api.w.org\/{rel}","templated":true}]}}