{"id":2733,"date":"2023-09-09T13:51:36","date_gmt":"2023-09-09T10:51:36","guid":{"rendered":"https:\/\/shibalogia.info\/?page_id=2733"},"modified":"2023-09-09T14:02:47","modified_gmt":"2023-09-09T11:02:47","slug":"shibalenkkeja","status":"publish","type":"page","link":"https:\/\/shibalogia.info\/?page_id=2733","title":{"rendered":"Shibalenkille"},"content":{"rendered":"\n<figure class=\"wp-block-image size-full\"><img loading=\"lazy\" decoding=\"async\" width=\"765\" height=\"1020\" src=\"https:\/\/shibalogia.info\/wp-content\/uploads\/2023\/09\/image-6.png\" alt=\"\" class=\"wp-image-2706\" srcset=\"https:\/\/shibalogia.info\/wp-content\/uploads\/2023\/09\/image-6.png 765w, https:\/\/shibalogia.info\/wp-content\/uploads\/2023\/09\/image-6-225x300.png 225w\" sizes=\"auto, (max-width: 765px) 100vw, 765px\" \/><\/figure>\n\n\n\n<p>Korona-aika katkaisi Jyv\u00e4skyl\u00e4n mukavan shibalenkkiperinteen, joten\u2026<\/p>\n\n\n\n<p><br>Tiikerin ja Entsyymin ep\u00e4virallisille shibalenkeille voi liitty\u00e4 mukaan Jyv\u00e4skyl\u00e4ss\u00e4. K\u00e4velemme&nbsp;<strong>sunnuntaisin klo 12 Kuokkalan koirapuiston parkkikselta alkaen<\/strong>&nbsp;parin kilometrin lenkin takaisin koirapuistolle.<\/p>\n\n\n\n<p><br>Huom! Hit or miss -varoitus. N\u00e4m\u00e4 on tosiaan t\u00e4ysin ep\u00e4virallisia shibalenkkej\u00e4, jotka perustuvat siihen, ett\u00e4 yleens\u00e4 k\u00e4ymme sunnuntaisin joka tapauksessa tuollasella p\u00e4iv\u00e4lenkill\u00e4. Eli lenkki voi meid\u00e4n osalta peruuntua ilman erillist\u00e4 ilmoitusta, jos sataa kaatamalla, tulee joku este tai emme edes ole kaupungissa tms. Siin\u00e4 tapauksessa viikon p\u00e4\u00e4st\u00e4 uusi yritys. Lenkeille ei tarvitse ilmoittautua, sen kun saavut paikalle.<\/p>\n\n\n\n<figure class=\"wp-block-image size-full\"><img loading=\"lazy\" decoding=\"async\" width=\"765\" height=\"1020\" src=\"https:\/\/shibalogia.info\/wp-content\/uploads\/2023\/09\/image-7.png\" alt=\"\" class=\"wp-image-2707\" srcset=\"https:\/\/shibalogia.info\/wp-content\/uploads\/2023\/09\/image-7.png 765w, https:\/\/shibalogia.info\/wp-content\/uploads\/2023\/09\/image-7-225x300.png 225w\" sizes=\"auto, (max-width: 765px) 100vw, 765px\" \/><\/figure>\n","protected":false},"excerpt":{"rendered":"<p>Korona-aika katkaisi Jyv\u00e4skyl\u00e4n mukavan shibalenkkiperinteen, joten\u2026 Tiikerin ja Entsyymin ep\u00e4virallisille shibalenkeille voi liitty\u00e4 mukaan Jyv\u00e4skyl\u00e4ss\u00e4. K\u00e4velemme&nbsp;sunnuntaisin klo 12 Kuokkalan koirapuiston parkkikselta alkaen&nbsp;parin kilometrin lenkin takaisin koirapuistolle. Huom! Hit or miss -varoitus. N\u00e4m\u00e4 on tosiaan t\u00e4ysin ep\u00e4virallisia shibalenkkej\u00e4, jotka perustuvat siihen, ett\u00e4 yleens\u00e4 k\u00e4ymme sunnuntaisin joka tapauksessa tuollasella p\u00e4iv\u00e4lenkill\u00e4. Eli lenkki voi meid\u00e4n osalta peruuntua ilman [&hellip;]<\/p>\n","protected":false},"author":1,"featured_media":0,"parent":0,"menu_order":0,"comment_status":"closed","ping_status":"closed","template":"","meta":{"site-container-style":"default","site-container-layout":"default","site-sidebar-layout":"default","site-transparent-header":"default","disable-article-header":"default","disable-site-header":"default","disable-site-footer":"default","disable-content-area-spacing":"default","footnotes":""},"class_list":["post-2733","page","type-page","status-publish","hentry"],"_links":{"self":[{"href":"https:\/\/shibalogia.info\/index.php?rest_route=\/wp\/v2\/pages\/2733","targetHints":{"allow":["GET"]}}],"collection":[{"href":"https:\/\/shibalogia.info\/index.php?rest_route=\/wp\/v2\/pages"}],"about":[{"href":"https:\/\/shibalogia.info\/index.php?rest_route=\/wp\/v2\/types\/page"}],"author":[{"embeddable":true,"href":"https:\/\/shibalogia.info\/index.php?rest_route=\/wp\/v2\/users\/1"}],"replies":[{"embeddable":true,"href":"https:\/\/shibalogia.info\/index.php?rest_route=%2Fwp%2Fv2%2Fcomments&post=2733"}],"version-history":[{"count":2,"href":"https:\/\/shibalogia.info\/index.php?rest_route=\/wp\/v2\/pages\/2733\/revisions"}],"predecessor-version":[{"id":2735,"href":"https:\/\/shibalogia.info\/index.php?rest_route=\/wp\/v2\/pages\/2733\/revisions\/2735"}],"wp:attachment":[{"href":"https:\/\/shibalogia.info\/index.php?rest_route=%2Fwp%2Fv2%2Fmedia&parent=2733"}],"curies":[{"name":"wp","href":"https:\/\/api.w.org\/{rel}","templated":true}]}}