{"id":3247,"date":"2024-03-14T16:03:49","date_gmt":"2024-03-14T14:03:49","guid":{"rendered":"https:\/\/shibalogia.info\/?page_id=3247"},"modified":"2025-10-30T13:29:55","modified_gmt":"2025-10-30T11:29:55","slug":"tietoa-blogista","status":"publish","type":"page","link":"https:\/\/shibalogia.info\/?page_id=3247","title":{"rendered":"Tietoa blogista"},"content":{"rendered":"\n<p>Shibaloginen blogi on japanilaisten alkuper\u00e4iskoirien historiaan ja geenitutkimukseen keskittyv\u00e4 ep\u00e4kaupallinen infoblogi.<\/p>\n\n\n\n<p>Blogin sis\u00e4lt\u00f6\u00e4, etenk\u00e4\u00e4n japanitekstien konek\u00e4\u00e4nn\u00f6ksi\u00e4 ja nopeasti vanhentuvia genetiikkajuttuja, ei tule k\u00e4ytt\u00e4\u00e4 ainoana l\u00e4hteen\u00e4 uusille popularisoinneille ilman alkuper\u00e4isl\u00e4hteit\u00e4 ja ajantasaisia tutkimusjulkaisuja.<\/p>\n\n\n\n<p>Blogin uniikin materiaalin hy\u00f6dynt\u00e4minen mainoksia ja kaupallisia yhteist\u00f6it\u00e4 sis\u00e4lt\u00e4vien nettisivujen ja somekanavien sis\u00e4ll\u00f6ntuotantoon on kielletty. Kielto koskee my\u00f6s materiaalin hy\u00f6dynt\u00e4mist\u00e4 teko\u00e4lyn l\u00e4pi. Poikkeuksena kaikki MISINFORMATION-kategorian postaukset, joita saa k\u00e4ytt\u00e4\u00e4 vapaasti. <\/p>\n\n\n\n<p>Blogissa on toisinaan p\u00e4\u00e4ll\u00e4 ev\u00e4steet\u00f6n sivulatausten laskuri (Matomo) ilman IP-osoitteiden tallentamista. Tarkoituksena on kartoittaa, mink\u00e4laiset blogiaiheet ker\u00e4\u00e4v\u00e4t lukijoita.  <\/p>\n","protected":false},"excerpt":{"rendered":"<p>Shibaloginen blogi on japanilaisten alkuper\u00e4iskoirien historiaan ja geenitutkimukseen keskittyv\u00e4 ep\u00e4kaupallinen infoblogi. Blogin sis\u00e4lt\u00f6\u00e4, etenk\u00e4\u00e4n japanitekstien konek\u00e4\u00e4nn\u00f6ksi\u00e4 ja nopeasti vanhentuvia genetiikkajuttuja, ei tule k\u00e4ytt\u00e4\u00e4 ainoana l\u00e4hteen\u00e4 uusille popularisoinneille ilman alkuper\u00e4isl\u00e4hteit\u00e4 ja ajantasaisia tutkimusjulkaisuja. Blogin uniikin materiaalin hy\u00f6dynt\u00e4minen mainoksia ja kaupallisia yhteist\u00f6it\u00e4 sis\u00e4lt\u00e4vien nettisivujen ja somekanavien sis\u00e4ll\u00f6ntuotantoon on kielletty. Kielto koskee my\u00f6s materiaalin hy\u00f6dynt\u00e4mist\u00e4 teko\u00e4lyn l\u00e4pi. Poikkeuksena [&hellip;]<\/p>\n","protected":false},"author":1,"featured_media":0,"parent":0,"menu_order":0,"comment_status":"closed","ping_status":"closed","template":"","meta":{"site-container-style":"default","site-container-layout":"default","site-sidebar-layout":"default","site-transparent-header":"default","disable-article-header":"default","disable-site-header":"default","disable-site-footer":"default","disable-content-area-spacing":"default","footnotes":""},"class_list":["post-3247","page","type-page","status-publish","hentry"],"_links":{"self":[{"href":"https:\/\/shibalogia.info\/index.php?rest_route=\/wp\/v2\/pages\/3247","targetHints":{"allow":["GET"]}}],"collection":[{"href":"https:\/\/shibalogia.info\/index.php?rest_route=\/wp\/v2\/pages"}],"about":[{"href":"https:\/\/shibalogia.info\/index.php?rest_route=\/wp\/v2\/types\/page"}],"author":[{"embeddable":true,"href":"https:\/\/shibalogia.info\/index.php?rest_route=\/wp\/v2\/users\/1"}],"replies":[{"embeddable":true,"href":"https:\/\/shibalogia.info\/index.php?rest_route=%2Fwp%2Fv2%2Fcomments&post=3247"}],"version-history":[{"count":6,"href":"https:\/\/shibalogia.info\/index.php?rest_route=\/wp\/v2\/pages\/3247\/revisions"}],"predecessor-version":[{"id":5193,"href":"https:\/\/shibalogia.info\/index.php?rest_route=\/wp\/v2\/pages\/3247\/revisions\/5193"}],"wp:attachment":[{"href":"https:\/\/shibalogia.info\/index.php?rest_route=%2Fwp%2Fv2%2Fmedia&parent=3247"}],"curies":[{"name":"wp","href":"https:\/\/api.w.org\/{rel}","templated":true}]}}