{"id":4698,"date":"2025-04-11T19:26:45","date_gmt":"2025-04-11T16:26:45","guid":{"rendered":"https:\/\/shibalogia.info\/?page_id=4698"},"modified":"2025-04-11T19:36:29","modified_gmt":"2025-04-11T16:36:29","slug":"forum","status":"publish","type":"page","link":"https:\/\/shibalogia.info\/?page_id=4698","title":{"rendered":"Foorumi"},"content":{"rendered":"<div id=\"af-wrapper\"><div id=\"forum-header\"><div id=\"forum-navigation-mobile\"><a><span class=\"fas fa-bars\"><\/span>Valikko<\/a><\/div><span class=\"screen-reader-text\">Forum Navigation<\/span><div id=\"forum-navigation\"><a class=\"home-link\" href=\"https:\/\/shibalogia.info\/?page_id=4698\" target=\"_self\">Keskustelualue<\/a><a class=\"login-link\" href=\"https:\/\/shibalogia.info\/wp-login.php?redirect_to=https%3A%2F%2Fshibalogia.info%2Findex.php%3Frest_route%3D%252Fwp%252Fv2%252Fpages%252F4698\" target=\"_self\">Kirjautuminen<\/a><a class=\"register-link\" href=\"https:\/\/shibalogia.info\/wp-login.php?action=register\" target=\"_self\">Rekister\u00f6idy<\/a><\/div><div id=\"forum-search\"><span class=\"search-icon fas fa-search\"><\/span><form method=\"get\" action=\"https:\/\/shibalogia.info\/?page_id=4698&#038;view=search\"><input name=\"view\" type=\"hidden\" value=\"search\"><input name=\"keywords\" type=\"search\" placeholder=\"Hae ...\" value=\"\"><\/form><\/div><div class=\"clear\"><\/div><\/div><div id=\"forum-breadcrumbs\" itemscope itemtype=\"http:\/\/schema.org\/BreadcrumbList\"><span class=\"screen-reader-text\">Forum breadcrumbs - You are here:<\/span><span class=\"breadcrumb-icon fas fa-home\"><\/span><span itemprop=\"itemListElement\" itemscope itemtype=\"https:\/\/schema.org\/ListItem\"><a itemprop=\"item\" href=\"https:\/\/shibalogia.info\/?page_id=4698\" title=\"Japanilaiskoiran yst\u00e4v\u00e4t\"><span itemprop=\"name\">Japanilaiskoiran yst\u00e4v\u00e4t<\/span><\/a><meta itemprop=\"position\" content=\"1\"><\/span><span class=\"breadcrumb-icon fas fa-chevron-right separator\"><\/span><\/div><h1 class=\"main-title main-title-\">Japanilaiskoiran yst\u00e4v\u00e4t<\/h1><div class=\"title-element\" id=\"forum-category-68\">Japanilaiskoiran yst\u00e4v\u00e4t<span class=\"last-post-headline\">Viimeisin viesti<\/span><\/div><div class=\"content-container\"><div class=\"content-element forum\" id=\"forum-1\"><div class=\"forum-status unread\"><i class=\"fas fa-comments\"><\/i><\/div><div class=\"forum-name\"><a class=\"forum-title\" href=\"https:\/\/shibalogia.info\/?page_id=4698&#038;view=forum&#038;id=1\">Omat japanilaiskoirat<\/a><small class=\"forum-description\">El\u00e4m\u00e4\u00e4 yhdess\u00e4 japanilaiskoiran kanssa<\/small><small class=\"forum-stats\">1 viestiketju&nbsp;&middot;&nbsp;1 artikkeli<\/small><small class=\"forum-lastpost-small\">Last post:&nbsp;<a href=\"https:\/\/shibalogia.info\/?page_id=4698&#038;view=topic&#038;id=3#postid-3\">Foorumin k\u00e4ytt\u00f6ohjeet<\/a>&nbsp;&middot;&nbsp;<a href=\"https:\/\/shibalogia.info\/?page_id=4698&#038;view=topic&#038;id=3#postid-3\">1 vuosi sitten<\/a>&nbsp;&middot;&nbsp;<a class=\"profile-link highlight-default\" href=\"#\">Satu<\/a><\/small><\/div><div class=\"forum-poster\"><div class=\"forum-poster-avatar\"><img alt='' src='https:\/\/secure.gravatar.com\/avatar\/a5e5e54b3eb1c9d1816182e72dadd35f566ac81642ecbebbc0781883de71cdba?s=40&#038;d=mm&#038;r=g' srcset='https:\/\/secure.gravatar.com\/avatar\/a5e5e54b3eb1c9d1816182e72dadd35f566ac81642ecbebbc0781883de71cdba?s=80&#038;d=mm&#038;r=g 2x' class='avatar avatar-40 photo' height='40' width='40' \/><\/div><div class=\"forum-poster-summary\"><a href=\"https:\/\/shibalogia.info\/?page_id=4698&#038;view=topic&#038;id=3#postid-3\">Foorumin k\u00e4ytt\u00f6ohjeet<\/a><br><small><a href=\"https:\/\/shibalogia.info\/?page_id=4698&#038;view=topic&#038;id=3#postid-3\">1 vuosi sitten<\/a><span>&nbsp;&middot;&nbsp;<\/span><a class=\"profile-link highlight-default\" href=\"#\">Satu<\/a><\/small><\/div><\/div><\/div><div class=\"content-element forum\" id=\"forum-2\"><div class=\"forum-status unread\"><i class=\"fas fa-comments\"><\/i><\/div><div class=\"forum-name\"><a class=\"forum-title\" href=\"https:\/\/shibalogia.info\/?page_id=4698&#038;view=forum&#038;id=2\">Salaper\u00e4iset japanilaiskoirat<\/a><small class=\"forum-description\">Tiedonmuruja ja mysteerej\u00e4 japanilaiskoiriin liittyen<\/small><small class=\"forum-stats\">1 viestiketju&nbsp;&middot;&nbsp;1 artikkeli<\/small><small class=\"forum-lastpost-small\">Last post:&nbsp;<a href=\"https:\/\/shibalogia.info\/?page_id=4698&#038;view=topic&#038;id=4#postid-4\">Nihonkenien rekister\u00f6innit Japanis &#8230;<\/a>&nbsp;&middot;&nbsp;<a href=\"https:\/\/shibalogia.info\/?page_id=4698&#038;view=topic&#038;id=4#postid-4\">1 vuosi sitten<\/a>&nbsp;&middot;&nbsp;<a class=\"profile-link highlight-default\" href=\"#\">Satu<\/a><\/small><\/div><div class=\"forum-poster\"><div class=\"forum-poster-avatar\"><img alt='' src='https:\/\/secure.gravatar.com\/avatar\/a5e5e54b3eb1c9d1816182e72dadd35f566ac81642ecbebbc0781883de71cdba?s=40&#038;d=mm&#038;r=g' srcset='https:\/\/secure.gravatar.com\/avatar\/a5e5e54b3eb1c9d1816182e72dadd35f566ac81642ecbebbc0781883de71cdba?s=80&#038;d=mm&#038;r=g 2x' class='avatar avatar-40 photo' height='40' width='40' \/><\/div><div class=\"forum-poster-summary\"><a href=\"https:\/\/shibalogia.info\/?page_id=4698&#038;view=topic&#038;id=4#postid-4\">Nihonkenien rekister\u00f6inni &#8230;<\/a><br><small><a href=\"https:\/\/shibalogia.info\/?page_id=4698&#038;view=topic&#038;id=4#postid-4\">1 vuosi sitten<\/a><span>&nbsp;&middot;&nbsp;<\/span><a class=\"profile-link highlight-default\" href=\"#\">Satu<\/a><\/small><\/div><\/div><\/div><div class=\"content-element forum\" id=\"forum-3\"><div class=\"forum-status unread\"><i class=\"fas fa-comments\"><\/i><\/div><div class=\"forum-name\"><a class=\"forum-title\" href=\"https:\/\/shibalogia.info\/?page_id=4698&#038;view=forum&#038;id=3\">English discussion<\/a><small class=\"forum-description\">Nihon Ken history and genetics<\/small><small class=\"forum-stats\">1 viestiketju&nbsp;&middot;&nbsp;1 artikkeli<\/small><small class=\"forum-lastpost-small\">Last post:&nbsp;<a href=\"https:\/\/shibalogia.info\/?page_id=4698&#038;view=topic&#038;id=8#postid-10\">Test topic<\/a>&nbsp;&middot;&nbsp;<a href=\"https:\/\/shibalogia.info\/?page_id=4698&#038;view=topic&#038;id=8#postid-10\">9 kuukautta sitten<\/a>&nbsp;&middot;&nbsp;Vieras<\/small><\/div><div class=\"forum-poster\"><div class=\"forum-poster-avatar\"><img alt='' src='https:\/\/secure.gravatar.com\/avatar\/?s=40&#038;d=mm&#038;r=g' srcset='https:\/\/secure.gravatar.com\/avatar\/?s=80&#038;d=mm&#038;r=g 2x' class='avatar avatar-40 photo avatar-default' height='40' width='40' \/><\/div><div class=\"forum-poster-summary\"><a href=\"https:\/\/shibalogia.info\/?page_id=4698&#038;view=topic&#038;id=8#postid-10\">Test topic<\/a><br><small><a href=\"https:\/\/shibalogia.info\/?page_id=4698&#038;view=topic&#038;id=8#postid-10\">9 kuukautta sitten<\/a><span>&nbsp;&middot;&nbsp;<\/span>Vieras<\/small><\/div><\/div><\/div><\/div><div id=\"read-unread\"><span class=\"indicator unread\"><\/span><span class=\"indicator-label\">Uudet viestit<\/span><span class=\"indicator read\"><\/span><span class=\"indicator-label\">Ei mit\u00e4\u00e4n uutta<\/span><span class=\"indicator-label\"><span class=\"fas fa-check\"><\/span><a href=\"https:\/\/shibalogia.info\/?page_id=4698&#038;view=markallread&#038;_wpnonce=7414b6d311\">Merkitse kaikki luetuiksi<\/a><\/span><span class=\"indicator-label\"><span class=\"fas fa-history\"><\/span><a href=\"https:\/\/shibalogia.info\/?page_id=4698&#038;view=unread\">Show Unread Topics<\/a><\/span><div class=\"clear\"><\/div><\/div><div id=\"statistics\"><div class=\"title-element title-element-dark\"><span class=\"title-element-icon fas fa-chart-pie\"><\/span>Tilastot<\/div><div id=\"statistics-body\"><div id=\"statistics-elements\"><div class=\"statistics-element\"><div class=\"element-number\"><span class=\"statistics-element-icon far fa-comments\"><\/span>3<\/div><div class=\"element-name\">Viestiketjut<\/div><\/div><div class=\"statistics-element\"><div class=\"element-number\"><span class=\"statistics-element-icon far fa-comment\"><\/span>3<\/div><div class=\"element-name\">Viestej\u00e4:<\/div><\/div><div class=\"statistics-element\"><div class=\"element-number\"><span class=\"statistics-element-icon far fa-user\"><\/span>2<\/div><div class=\"element-name\">K\u00e4ytt\u00e4j\u00e4t<\/div><\/div><\/div><\/div><div class=\"clear\"><\/div><\/div><div id=\"bottom-navigation\"><\/div><div class=\"clear\"><\/div><\/div>\n","protected":false},"excerpt":{"rendered":"","protected":false},"author":1,"featured_media":0,"parent":0,"menu_order":0,"comment_status":"closed","ping_status":"closed","template":"","meta":{"site-container-style":"default","site-container-layout":"default","site-sidebar-layout":"default","site-transparent-header":"default","disable-article-header":"default","disable-site-header":"default","disable-site-footer":"default","disable-content-area-spacing":"default","footnotes":""},"class_list":["post-4698","page","type-page","status-publish","hentry"],"_links":{"self":[{"href":"https:\/\/shibalogia.info\/index.php?rest_route=\/wp\/v2\/pages\/4698","targetHints":{"allow":["GET"]}}],"collection":[{"href":"https:\/\/shibalogia.info\/index.php?rest_route=\/wp\/v2\/pages"}],"about":[{"href":"https:\/\/shibalogia.info\/index.php?rest_route=\/wp\/v2\/types\/page"}],"author":[{"embeddable":true,"href":"https:\/\/shibalogia.info\/index.php?rest_route=\/wp\/v2\/users\/1"}],"replies":[{"embeddable":true,"href":"https:\/\/shibalogia.info\/index.php?rest_route=%2Fwp%2Fv2%2Fcomments&post=4698"}],"version-history":[{"count":1,"href":"https:\/\/shibalogia.info\/index.php?rest_route=\/wp\/v2\/pages\/4698\/revisions"}],"predecessor-version":[{"id":4702,"href":"https:\/\/shibalogia.info\/index.php?rest_route=\/wp\/v2\/pages\/4698\/revisions\/4702"}],"wp:attachment":[{"href":"https:\/\/shibalogia.info\/index.php?rest_route=%2Fwp%2Fv2%2Fmedia&parent=4698"}],"curies":[{"name":"wp","href":"https:\/\/api.w.org\/{rel}","templated":true}]}}